{"id":521,"date":"2023-01-13T11:35:18","date_gmt":"2023-01-13T11:35:18","guid":{"rendered":"https:\/\/goodevent.eventandmarketing.hu\/?page_id=521"},"modified":"2025-04-09T14:38:07","modified_gmt":"2025-04-09T14:38:07","slug":"szechenyi-terv-plusz","status":"publish","type":"page","link":"https:\/\/goodevent.eventandmarketing.hu\/en\/szechenyi-terv-plusz\/","title":{"rendered":"Sz\u00e9chenyi Plan Plus"},"content":{"rendered":"<div data-elementor-type=\"wp-page\" data-elementor-id=\"521\" class=\"elementor elementor-521\" data-elementor-post-type=\"page\">\n\t\t\t\t\t\t\t<div class=\"elementor-element elementor-element-43d5e07 e-flex e-con-boxed e-con e-parent\" data-id=\"43d5e07\" data-element_type=\"container\" data-settings=\"{&quot;content_width&quot;:&quot;boxed&quot;}\" data-core-v316-plus=\"true\">\n\t\t\t\t\t<div class=\"e-con-inner\">\n\t\t\t\t<div class=\"elementor-element elementor-element-db9a359 elementor-widget elementor-widget-text-editor\" data-id=\"db9a359\" data-element_type=\"widget\" data-widget_type=\"text-editor.default\">\n\t\t\t\t<div class=\"elementor-widget-container\">\n\t\t\t<style>\/*! elementor - v3.18.0 - 20-12-2023 *\/\n.elementor-widget-text-editor.elementor-drop-cap-view-stacked .elementor-drop-cap{background-color:#69727d;color:#fff}.elementor-widget-text-editor.elementor-drop-cap-view-framed .elementor-drop-cap{color:#69727d;border:3px solid;background-color:transparent}.elementor-widget-text-editor:not(.elementor-drop-cap-view-default) .elementor-drop-cap{margin-top:8px}.elementor-widget-text-editor:not(.elementor-drop-cap-view-default) .elementor-drop-cap-letter{width:1em;height:1em}.elementor-widget-text-editor .elementor-drop-cap{float:left;text-align:center;line-height:1;font-size:50px}.elementor-widget-text-editor .elementor-drop-cap-letter{display:inline-block}<\/style>\t\t\t\t<p><strong>Name of the beneficiary:<\/strong> Goodevent Event Organiser Limited Liability Company<\/p><p><strong>The subject and purpose of the development:<\/strong> Support for the improvement of the service quality of Goodvent Ltd.<\/p><p><strong>Project identification number<\/strong>: GINOP_PLUSZ-1.2.3-21-2022-02538<\/p><p><strong>The amount of aid:<\/strong> 69 284 963 Ft<\/p><p><strong>Intensity of the aid:<\/strong> 70 %<\/p><p><strong>The project: <\/strong>Goodevent Ltd. will be able to improve its event management service thanks to the grant, which will enable them to serve more guests and thus increase their results.<\/p><p>The project will implement the following elements:<\/p><p>A kitchen and serving area with a gross floor area of 161 square meters will be built in the D\u0171l\u0151 Bistro, which will allow the company to serve larger events safely, without the need for external catering services.<\/p><p>The purchase of equipment will include the purchase of kitchen equipment (hot plates, stainless steel processing and serving counters, sinks, etc.), and the company would like to specialise in outdoor events, for which a lawnmower tractor will be purchased to maintain the lawn. Furthermore, ICT equipment will be purchased.<\/p><p>A heat pump system will be installed to heat the kitchen.<\/p><p>Employee training will include English language training so that guests from abroad can be properly served.<\/p><p>Leadership and management consultancy will be provided, as the increased service capacity will also require the development of a middle management team.<\/p><p>Thanks to the support, Goodevent Ltd. will be able to increase its service level, to fully manage events with a larger number of participants and to organise other types of events according to the needs.<\/p><p>.<\/p><p>Project completion date: 21.02.2024.<\/p>\t\t\t\t\t\t<\/div>\n\t\t\t\t<\/div>\n\t\t\t\t\t<\/div>\n\t\t\t\t<\/div>\n\t\t\t\t\t\t\t<\/div>","protected":false},"excerpt":{"rendered":"<p>Beneficiary name: Goodevent Rendezv\u00e9nyszervez\u0151 Korl\u00e1tolt Felel\u0151ss\u00e9g\u0171 T\u00e1rsas\u00e1g Subject and objective of the development: to support the improvement of the service quality of Goodevent Kft.Project ID: GINOP_PLUSZ-1.2.3-21-2022-02538 Amount of aid: HUF 69 284 963 Intensity of aid: 70 % Project: the aid will enable Goodevent Kft. to improve its event management services, which will enable it to serve more guests and thus improve its results ... <a title=\"Sz\u00e9chenyi Plan Plus\" class=\"read-more\" href=\"https:\/\/goodevent.eventandmarketing.hu\/en\/szechenyi-terv-plusz\/\" aria-label=\"More on Sz\u00e9chenyi Plan Plus\">Read more<\/a><\/p>","protected":false},"author":1,"featured_media":0,"parent":0,"menu_order":0,"comment_status":"closed","ping_status":"closed","template":"elementor_header_footer","meta":{"footnotes":""},"class_list":["post-521","page","type-page","status-publish"],"_links":{"self":[{"href":"https:\/\/goodevent.eventandmarketing.hu\/en\/wp-json\/wp\/v2\/pages\/521","targetHints":{"allow":["GET"]}}],"collection":[{"href":"https:\/\/goodevent.eventandmarketing.hu\/en\/wp-json\/wp\/v2\/pages"}],"about":[{"href":"https:\/\/goodevent.eventandmarketing.hu\/en\/wp-json\/wp\/v2\/types\/page"}],"author":[{"embeddable":true,"href":"https:\/\/goodevent.eventandmarketing.hu\/en\/wp-json\/wp\/v2\/users\/1"}],"replies":[{"embeddable":true,"href":"https:\/\/goodevent.eventandmarketing.hu\/en\/wp-json\/wp\/v2\/comments?post=521"}],"version-history":[{"count":0,"href":"https:\/\/goodevent.eventandmarketing.hu\/en\/wp-json\/wp\/v2\/pages\/521\/revisions"}],"wp:attachment":[{"href":"https:\/\/goodevent.eventandmarketing.hu\/en\/wp-json\/wp\/v2\/media?parent=521"}],"curies":[{"name":"wp","href":"https:\/\/api.w.org\/{rel}","templated":true}]}}