{"id":475,"date":"2022-12-15T13:11:12","date_gmt":"2022-12-15T13:11:12","guid":{"rendered":"https:\/\/goodevent.eventandmarketing.hu\/?page_id=475"},"modified":"2026-03-19T14:45:39","modified_gmt":"2026-03-19T13:45:39","slug":"szechenyi-2020-esza","status":"publish","type":"page","link":"https:\/\/goodevent.eventandmarketing.hu\/en\/szechenyi-2020-esza\/","title":{"rendered":"Sz\u00e9chenyi 2020 &#8211; ESZA"},"content":{"rendered":"<div data-elementor-type=\"wp-page\" data-elementor-id=\"475\" class=\"elementor elementor-475\" data-elementor-post-type=\"page\">\n\t\t\t\t\t\t\t<div class=\"elementor-element elementor-element-795bd8b e-flex e-con-boxed e-con e-parent\" data-id=\"795bd8b\" data-element_type=\"container\" data-settings=\"{&quot;content_width&quot;:&quot;boxed&quot;}\" data-core-v316-plus=\"true\">\n\t\t\t\t\t<div class=\"e-con-inner\">\n\t\t\t\t<div class=\"elementor-element elementor-element-69f3b81 elementor-widget elementor-widget-text-editor\" data-id=\"69f3b81\" data-element_type=\"widget\" data-widget_type=\"text-editor.default\">\n\t\t\t\t<div class=\"elementor-widget-container\">\n\t\t\t<style>\/*! elementor - v3.18.0 - 20-12-2023 *\/\n.elementor-widget-text-editor.elementor-drop-cap-view-stacked .elementor-drop-cap{background-color:#69727d;color:#fff}.elementor-widget-text-editor.elementor-drop-cap-view-framed .elementor-drop-cap{color:#69727d;border:3px solid;background-color:transparent}.elementor-widget-text-editor:not(.elementor-drop-cap-view-default) .elementor-drop-cap{margin-top:8px}.elementor-widget-text-editor:not(.elementor-drop-cap-view-default) .elementor-drop-cap-letter{width:1em;height:1em}.elementor-widget-text-editor .elementor-drop-cap{float:left;text-align:center;line-height:1;font-size:50px}.elementor-widget-text-editor .elementor-drop-cap-letter{display:inline-block}<\/style>\t\t\t\t<p><b>Kedvezm\u00e9nyezett neve:<\/b> Goodevent Event Organiser Limited Liability Company<br><b>Projekt c\u00edme:<\/b> Gyakornoki program megval\u00f3s\u00edt\u00e1sa a Goodevent Rendezv\u00e9nyszervez\u0151 Kft. sz\u00e9khely\u00e9n<br><b>Szerz\u0151d\u00f6tt t\u00e1mogat\u00e1s \u00f6sszege: <\/b>2 536&nbsp;714 Ft<br><b>T\u00e1mogat\u00e1s m\u00e9rt\u00e9ke:<\/b> 80%<br><b>Projekt befejez\u00e9si d\u00e1tuma: <\/b>2022.02.23<br><b>Project ID number:<\/b> VEKOP-8.3.2-18-2018-00077<\/p>\n<p><b>Project description:<br><\/b>A Goodevent Kft (kor\u00e1bban ARK\u00c1NUM X Kft.) 1997-ben kezdte meg m\u0171k\u00f6d\u00e9s\u00e9t kreat\u00edv, tapasztalt \u00e9s munk\u00e1juk ir\u00e1nt elk\u00f6telezett szakemberek vezet\u00e9s\u00e9vel. A c\u00e9g f\u0151 ter\u00fclete a konferencia, kereskedelmi bemutat\u00f3k szervez\u00e9se, PR \u00e9s marketing. A <b>projekt megval\u00f3s\u00edt\u00e1s\u00e1nak c\u00e9lja<\/b> az 1 f\u0151 gyakornok foglalkoztat\u00e1s\u00e1val v\u00e1llalkoz\u00e1sunk szolg\u00e1ltat\u00e1si k\u00f6r\u00e9nek fejleszt\u00e9se volt. V\u00e1llalatunk kiemelt c\u00e9lja piaci poz\u00edci\u00f3nk er\u0151s\u00edt\u00e9se \u00e9s \u00faj szolg\u00e1ltat\u00e1s beind\u00edt\u00e1s\u00e1n t\u00fal a gyakornokok alkalmaz\u00e1sa \u00e9s hossz\u00fat\u00e1v\u00fa megtart\u00e1sa, ezzel is hozz\u00e1j\u00e1rulva a t\u00e9rs\u00e9gi munkan\u00e9lk\u00fclis\u00e9g cs\u00f6kkent\u00e9s\u00e9hez. Az \u00faj munkaer\u0151 \u00faj lend\u00fcletet \u00e9s szellemis\u00e9get hoz a v\u00e1llalat \u00e9let\u00e9be \u00e9s m\u0171k\u00f6d\u00e9s\u00e9be. Az eszk\u00f6z\u00f6k beszerz\u00e9se \u00e9s az infrastruktur\u00e1lis beruh\u00e1z\u00e1s r\u00e9v\u00e9n javult a szolg\u00e1ltat\u00e1s ny\u00fajt\u00e1s\u00e1nak min\u0151s\u00e9ge. A piacon elfoglalt stabil poz\u00edci\u00f3 biztos\u00edtja a stabil munkahelyek megtart\u00e1s\u00e1t, \u00e9s \u00fajak teremt\u00e9s\u00e9t.<\/p>\n<p><\/p>\n<p><b><br>Kedvezm\u00e9nyezett neve:<\/b> Goodevent Event Organiser Limited Liability Company<br><b>Projekt c\u00edme: <\/b>Gyakornokok foglalkoztat\u00e1sa az Goodevent Kft.-n\u00e9l<br><b>Szerz\u0151d\u00f6tt t\u00e1mogat\u00e1s \u00f6sszege:<\/b> 5 167&nbsp;761 Ft<br><b>T\u00e1mogat\u00e1s m\u00e9rt\u00e9ke: <\/b>100%<br><b>Projekt befejez\u00e9si d\u00e1tuma:<\/b> 2019.04.30<br><b>Project ID number:<\/b> GINOP-5.2.4-16-2017-01724<\/p>\n<p><\/p>\n<p><b>Project description:<br><\/b><span style=\"text-align: justify;\">A Goodevent Kft (kor\u00e1bban ARK\u00c1NUM X Kft.)&nbsp;<\/span><span style=\"text-align: justify;\">1997-ben kezdte meg m\u0171k\u00f6d\u00e9s\u00e9t kreat\u00edv, tapasztalt \u00e9s munk\u00e1juk ir\u00e1nt&nbsp;<\/span><span style=\"text-align: justify;\">elk\u00f6telezett szakemberek vezet\u00e9s\u00e9vel. A c\u00e9g f\u0151 ter\u00fclete a konferencia,&nbsp;<\/span><span style=\"text-align: justify;\">kereskedelmi bemutat\u00f3k szervez\u00e9se, PR \u00e9s marketing.&nbsp;<br><\/span><span style=\"text-align: justify;\"><br>A projekt c\u00e9lja a 2 f\u0151 gyakornok&nbsp;<\/span><span style=\"text-align: justify;\">foglalkoztat\u00e1s\u00e1val v\u00e1llalkoz\u00e1sunk szolg\u00e1ltat\u00e1si k\u00f6r\u00e9nek fejleszt\u00e9se volt.&nbsp;<\/span><span style=\"text-align: justify;\">V\u00e1llalatunk kiemelt c\u00e9lja piaci poz\u00edci\u00f3nk er\u0151s\u00edt\u00e9se \u00e9s \u00faj szolg\u00e1ltat\u00e1s&nbsp;<\/span><span style=\"text-align: justify;\">beind\u00edt\u00e1s\u00e1n t\u00fal a gyakornokok alkalmaz\u00e1sa \u00e9s hossz\u00fat\u00e1v\u00fa megtart\u00e1sa, ezzel is&nbsp;<\/span><span style=\"text-align: justify;\">hozz\u00e1j\u00e1rulva a t\u00e9rs\u00e9gi munkan\u00e9lk\u00fclis\u00e9g cs\u00f6kkent\u00e9s\u00e9hez.&nbsp;<br><\/span><span style=\"text-align: justify;\"><br>Az \u00faj munkaer\u0151 \u00faj lend\u00fcletet \u00e9s szellemis\u00e9get&nbsp;<\/span><span style=\"text-align: justify;\">hoz a v\u00e1llalat \u00e9let\u00e9be \u00e9s m\u0171k\u00f6d\u00e9s\u00e9be. Az eszk\u00f6z\u00f6k beszerz\u00e9se \u00e9s az&nbsp;<\/span><span style=\"text-align: justify;\">infrastruktur\u00e1lis beruh\u00e1z\u00e1s r\u00e9v\u00e9n javult a szolg\u00e1ltat\u00e1s ny\u00fajt\u00e1s\u00e1nak min\u0151s\u00e9ge. A&nbsp;<\/span><span style=\"text-align: justify;\">piacon elfoglalt stabil poz\u00edci\u00f3 biztos\u00edtja a stabil munkahelyek megtart\u00e1s\u00e1t, \u00e9s&nbsp;<\/span><span style=\"text-align: justify;\">\u00fajak teremt\u00e9s\u00e9t.<\/span><\/p>\t\t\t\t\t\t<\/div>\n\t\t\t\t<\/div>\n\t\t\t\t\t<\/div>\n\t\t\t\t<\/div>\n\t\t\t\t\t\t\t<\/div>","protected":false},"excerpt":{"rendered":"<p>Kedvezm\u00e9nyezett neve: Goodevent Rendezv\u00e9nyszervez\u0151 Korl\u00e1tolt Felel\u0151ss\u00e9g\u0171 T\u00e1rsas\u00e1gProjekt c\u00edme: Gyakornoki program megval\u00f3s\u00edt\u00e1sa a Goodevent Rendezv\u00e9nyszervez\u0151 Kft. sz\u00e9khely\u00e9nSzerz\u0151d\u00f6tt t\u00e1mogat\u00e1s \u00f6sszege: 2 536&nbsp;714 FtT\u00e1mogat\u00e1s m\u00e9rt\u00e9ke: 80%Projekt befejez\u00e9si d\u00e1tuma: 2022.02.23Projekt azonos\u00edt\u00f3 sz\u00e1ma: VEKOP-8.3.2-18-2018-00077 Projekt le\u00edr\u00e1s:A Goodevent Kft (kor\u00e1bban ARK\u00c1NUM X Kft.) 1997-ben kezdte meg m\u0171k\u00f6d\u00e9s\u00e9t kreat\u00edv, tapasztalt \u00e9s munk\u00e1juk ir\u00e1nt elk\u00f6telezett szakemberek vezet\u00e9s\u00e9vel. A c\u00e9g f\u0151 ter\u00fclete a konferencia, &#8230; <a title=\"Sz\u00e9chenyi 2020 &#8211; ESZA\" class=\"read-more\" href=\"https:\/\/goodevent.eventandmarketing.hu\/en\/szechenyi-2020-esza\/\" aria-label=\"More on Sz\u00e9chenyi 2020 &#8211; ESZA\">Read more<\/a><\/p>","protected":false},"author":1,"featured_media":0,"parent":0,"menu_order":0,"comment_status":"closed","ping_status":"closed","template":"elementor_header_footer","meta":{"footnotes":""},"class_list":["post-475","page","type-page","status-publish"],"_links":{"self":[{"href":"https:\/\/goodevent.eventandmarketing.hu\/en\/wp-json\/wp\/v2\/pages\/475","targetHints":{"allow":["GET"]}}],"collection":[{"href":"https:\/\/goodevent.eventandmarketing.hu\/en\/wp-json\/wp\/v2\/pages"}],"about":[{"href":"https:\/\/goodevent.eventandmarketing.hu\/en\/wp-json\/wp\/v2\/types\/page"}],"author":[{"embeddable":true,"href":"https:\/\/goodevent.eventandmarketing.hu\/en\/wp-json\/wp\/v2\/users\/1"}],"replies":[{"embeddable":true,"href":"https:\/\/goodevent.eventandmarketing.hu\/en\/wp-json\/wp\/v2\/comments?post=475"}],"version-history":[{"count":0,"href":"https:\/\/goodevent.eventandmarketing.hu\/en\/wp-json\/wp\/v2\/pages\/475\/revisions"}],"wp:attachment":[{"href":"https:\/\/goodevent.eventandmarketing.hu\/en\/wp-json\/wp\/v2\/media?parent=475"}],"curies":[{"name":"wp","href":"https:\/\/api.w.org\/{rel}","templated":true}]}}